{"id":872,"date":"2019-03-05T13:05:51","date_gmt":"2019-03-05T12:05:51","guid":{"rendered":"https:\/\/elisabethwiese.erlebniswelt-kahlenberg.at\/?page_id=872"},"modified":"2022-02-23T06:46:30","modified_gmt":"2022-02-23T05:46:30","slug":"gratis-niedrigseilparcours-slackline","status":"publish","type":"page","link":"https:\/\/elisabethwiese.erlebniswelt-kahlenberg.at\/en_us\/gratis-niedrigseilparcours-slackline\/","title":{"rendered":"Gratis Niedrigseilparcours + Slackline"},"content":{"rendered":"\t\t<div data-elementor-type=\"wp-post\" data-elementor-id=\"872\" class=\"elementor elementor-872\" data-elementor-post-type=\"page\">\n\t\t\t\t\t\t<section class=\"elementor-section elementor-top-section elementor-element elementor-element-37168c2 elementor-section-height-min-height elementor-section-content-middle elementor-section-boxed elementor-section-height-default elementor-section-items-middle\" data-id=\"37168c2\" data-element_type=\"section\" data-e-type=\"section\" data-settings=\"{&quot;background_background&quot;:&quot;slideshow&quot;,&quot;shape_divider_bottom&quot;:&quot;mountains&quot;,&quot;background_slideshow_gallery&quot;:[{&quot;id&quot;:1027,&quot;url&quot;:&quot;https:\\\/\\\/elisabethwiese.erlebniswelt-kahlenberg.at\\\/wp-content\\\/uploads\\\/2020\\\/02\\\/head_slide-1.jpg&quot;},{&quot;id&quot;:704,&quot;url&quot;:&quot;https:\\\/\\\/elisabethwiese.erlebniswelt-kahlenberg.at\\\/wp-content\\\/uploads\\\/2019\\\/02\\\/slide_3-1.jpg&quot;}],&quot;background_slideshow_ken_burns&quot;:&quot;yes&quot;,&quot;background_slideshow_loop&quot;:&quot;yes&quot;,&quot;background_slideshow_slide_duration&quot;:5000,&quot;background_slideshow_slide_transition&quot;:&quot;fade&quot;,&quot;background_slideshow_transition_duration&quot;:500,&quot;background_slideshow_ken_burns_zoom_direction&quot;:&quot;in&quot;}\">\n\t\t\t\t\t\t\t<div class=\"elementor-background-overlay\"><\/div>\n\t\t\t\t\t\t<div class=\"elementor-shape elementor-shape-bottom\" aria-hidden=\"true\" data-negative=\"false\">\n\t\t\t<svg xmlns=\"http:\/\/www.w3.org\/2000\/svg\" viewBox=\"0 0 1000 100\" preserveAspectRatio=\"none\">\n\t<path class=\"elementor-shape-fill\" opacity=\"0.33\" d=\"M473,67.3c-203.9,88.3-263.1-34-320.3,0C66,119.1,0,59.7,0,59.7V0h1000v59.7 c0,0-62.1,26.1-94.9,29.3c-32.8,3.3-62.8-12.3-75.8-22.1C806,49.6,745.3,8.7,694.9,4.7S492.4,59,473,67.3z\"\/>\n\t<path class=\"elementor-shape-fill\" opacity=\"0.66\" d=\"M734,67.3c-45.5,0-77.2-23.2-129.1-39.1c-28.6-8.7-150.3-10.1-254,39.1 s-91.7-34.4-149.2,0C115.7,118.3,0,39.8,0,39.8V0h1000v36.5c0,0-28.2-18.5-92.1-18.5C810.2,18.1,775.7,67.3,734,67.3z\"\/>\n\t<path class=\"elementor-shape-fill\" d=\"M766.1,28.9c-200-57.5-266,65.5-395.1,19.5C242,1.8,242,5.4,184.8,20.6C128,35.8,132.3,44.9,89.9,52.5C28.6,63.7,0,0,0,0 h1000c0,0-9.9,40.9-83.6,48.1S829.6,47,766.1,28.9z\"\/>\n<\/svg>\t\t<\/div>\n\t\t\t\t\t<div class=\"elementor-container elementor-column-gap-default\">\n\t\t\t\t\t<div class=\"elementor-column elementor-col-100 elementor-top-column elementor-element elementor-element-746af0f\" data-id=\"746af0f\" data-element_type=\"column\" data-e-type=\"column\">\n\t\t\t<div class=\"elementor-widget-wrap\">\n\t\t\t\t\t\t\t<\/div>\n\t\t<\/div>\n\t\t\t\t\t<\/div>\n\t\t<\/section>\n\t\t\t\t<section class=\"elementor-section elementor-top-section elementor-element elementor-element-72a90c47 elementor-section-boxed elementor-section-height-default elementor-section-height-default\" data-id=\"72a90c47\" data-element_type=\"section\" data-e-type=\"section\">\n\t\t\t\t\t\t<div class=\"elementor-container elementor-column-gap-default\">\n\t\t\t\t\t<div class=\"elementor-column elementor-col-100 elementor-top-column elementor-element elementor-element-5639433d\" data-id=\"5639433d\" data-element_type=\"column\" data-e-type=\"column\">\n\t\t\t<div class=\"elementor-widget-wrap elementor-element-populated\">\n\t\t\t\t\t\t<div class=\"elementor-element elementor-element-70c3997d elementor-widget elementor-widget-heading\" data-id=\"70c3997d\" data-element_type=\"widget\" data-e-type=\"widget\" data-widget_type=\"heading.default\">\n\t\t\t\t<div class=\"elementor-widget-container\">\n\t\t\t\t\t<h2 class=\"elementor-heading-title elementor-size-default\">Gratis Niedrigseil Parcours + Slackline<\/h2>\t\t\t\t<\/div>\n\t\t\t\t<\/div>\n\t\t\t\t\t<\/div>\n\t\t<\/div>\n\t\t\t\t\t<\/div>\n\t\t<\/section>\n\t\t\t\t<section class=\"elementor-section elementor-top-section elementor-element elementor-element-19234b86 elementor-section-boxed elementor-section-height-default elementor-section-height-default\" data-id=\"19234b86\" data-element_type=\"section\" data-e-type=\"section\">\n\t\t\t\t\t\t<div class=\"elementor-container elementor-column-gap-default\">\n\t\t\t\t\t<div class=\"elementor-column elementor-col-50 elementor-top-column elementor-element elementor-element-75c36002\" data-id=\"75c36002\" data-element_type=\"column\" data-e-type=\"column\" data-settings=\"{&quot;background_background&quot;:&quot;classic&quot;}\">\n\t\t\t<div class=\"elementor-widget-wrap elementor-element-populated\">\n\t\t\t\t\t\t<div class=\"elementor-element elementor-element-9a7cf1c elementor-widget elementor-widget-text-editor\" data-id=\"9a7cf1c\" data-element_type=\"widget\" data-e-type=\"widget\" data-widget_type=\"text-editor.default\">\n\t\t\t\t<div class=\"elementor-widget-container\">\n\t\t\t\t\t\t\t\t\t<p>Aber auch die Kleinsten k\u00f6nnen dabei sein: Gleich zwei im Park integrierte und kostenlos zu benutzende &#8222;Wichtelwaldseilpark-Parcours&#8220; sind perfekt auf die Bed\u00fcrfnisse von Kleinkindern bis f\u00fcnf Jahren abgestimmt.<\/p>\n<p>Die Wichtelparcours sind dem Kletterparcours der Erwachsenen \u00e4hnlich, nur vereinfacht. Die Seile sind richtig dicke Taue, damit auch kleine H\u00e4nde guten Halt finden und befinden sich in einer H\u00f6he von nur 35 cm, damit auch ohne Sicherungsseil nichts passieren kann, wenn man abrutscht oder f\u00e4llt.<\/p>\n<p>Die zu \u00fcberwindenden Distanzen sind auch viel k\u00fcrzer, als die Kletteranlage f\u00fcr die Gro\u00dfen.<\/p>\t\t\t\t\t\t\t\t<\/div>\n\t\t\t\t<\/div>\n\t\t\t\t\t<\/div>\n\t\t<\/div>\n\t\t\t\t<div class=\"elementor-column elementor-col-50 elementor-top-column elementor-element elementor-element-742b4b50\" data-id=\"742b4b50\" data-element_type=\"column\" data-e-type=\"column\" data-settings=\"{&quot;background_background&quot;:&quot;classic&quot;}\">\n\t\t\t<div class=\"elementor-widget-wrap elementor-element-populated\">\n\t\t\t\t\t\t<div class=\"elementor-element elementor-element-67962ff8 elementor-widget elementor-widget-spacer\" data-id=\"67962ff8\" data-element_type=\"widget\" data-e-type=\"widget\" data-widget_type=\"spacer.default\">\n\t\t\t\t<div class=\"elementor-widget-container\">\n\t\t\t\t\t\t\t<div class=\"elementor-spacer\">\n\t\t\t<div class=\"elementor-spacer-inner\"><\/div>\n\t\t<\/div>\n\t\t\t\t\t\t<\/div>\n\t\t\t\t<\/div>\n\t\t\t\t\t<\/div>\n\t\t<\/div>\n\t\t\t\t\t<\/div>\n\t\t<\/section>\n\t\t\t\t<section class=\"elementor-section elementor-top-section elementor-element elementor-element-80f3b39 elementor-section-boxed elementor-section-height-default elementor-section-height-default\" data-id=\"80f3b39\" data-element_type=\"section\" data-e-type=\"section\">\n\t\t\t\t\t\t<div class=\"elementor-container elementor-column-gap-default\">\n\t\t\t\t\t<div class=\"elementor-column elementor-col-100 elementor-top-column elementor-element elementor-element-16703e0\" data-id=\"16703e0\" data-element_type=\"column\" data-e-type=\"column\" data-settings=\"{&quot;background_background&quot;:&quot;classic&quot;}\">\n\t\t\t<div class=\"elementor-widget-wrap elementor-element-populated\">\n\t\t\t\t\t\t<div class=\"elementor-element elementor-element-b8f4c48 elementor-widget elementor-widget-text-editor\" data-id=\"b8f4c48\" data-element_type=\"widget\" data-e-type=\"widget\" data-widget_type=\"text-editor.default\">\n\t\t\t\t<div class=\"elementor-widget-container\">\n\t\t\t\t\t\t\t\t\t<p>Unsere frei zug\u00e4ngliche Slackline-Anlage f\u00f6rdert den Gleichgewichtssinn, die Konzentration und die Koordination.<\/p>\n<p>Mit Slacklines schafft man au\u00dferdem ein effektives Ganzk\u00f6rpertraining.<\/p>\n<p>Entdecken sie jetzt die ideale Erg\u00e4nzung zum Klettern. Unsere Slackline ist f\u00fcr Kinder und Erwachsene gleicherma\u00dfen geeignet!<\/p>\t\t\t\t\t\t\t\t<\/div>\n\t\t\t\t<\/div>\n\t\t\t\t\t<\/div>\n\t\t<\/div>\n\t\t\t\t\t<\/div>\n\t\t<\/section>\n\t\t\t\t<\/div>\n\t\t","protected":false},"excerpt":{"rendered":"<p>Gratis Niedrigseil Parcours + Slackline Aber auch die Kleinsten k\u00f6nnen dabei sein: Gleich zwei im Park integrierte und kostenlos zu benutzende &#8222;Wichtelwaldseilpark-Parcours&#8220; sind perfekt auf die Bed\u00fcrfnisse von Kleinkindern bis f\u00fcnf Jahren abgestimmt. Die Wichtelparcours sind dem Kletterparcours der Erwachsenen \u00e4hnlich, nur vereinfacht. Die Seile sind richtig dicke Taue, damit auch kleine H\u00e4nde guten Halt [&hellip;]<\/p>\n","protected":false},"author":1,"featured_media":0,"parent":0,"menu_order":0,"comment_status":"closed","ping_status":"closed","template":"","meta":{"footnotes":""},"class_list":["post-872","page","type-page","status-publish","hentry"],"_links":{"self":[{"href":"https:\/\/elisabethwiese.erlebniswelt-kahlenberg.at\/en_us\/wp-json\/wp\/v2\/pages\/872","targetHints":{"allow":["GET"]}}],"collection":[{"href":"https:\/\/elisabethwiese.erlebniswelt-kahlenberg.at\/en_us\/wp-json\/wp\/v2\/pages"}],"about":[{"href":"https:\/\/elisabethwiese.erlebniswelt-kahlenberg.at\/en_us\/wp-json\/wp\/v2\/types\/page"}],"author":[{"embeddable":true,"href":"https:\/\/elisabethwiese.erlebniswelt-kahlenberg.at\/en_us\/wp-json\/wp\/v2\/users\/1"}],"replies":[{"embeddable":true,"href":"https:\/\/elisabethwiese.erlebniswelt-kahlenberg.at\/en_us\/wp-json\/wp\/v2\/comments?post=872"}],"version-history":[{"count":0,"href":"https:\/\/elisabethwiese.erlebniswelt-kahlenberg.at\/en_us\/wp-json\/wp\/v2\/pages\/872\/revisions"}],"wp:attachment":[{"href":"https:\/\/elisabethwiese.erlebniswelt-kahlenberg.at\/en_us\/wp-json\/wp\/v2\/media?parent=872"}],"curies":[{"name":"wp","href":"https:\/\/api.w.org\/{rel}","templated":true}]}}